{"id":5950,"date":"2021-03-31T16:07:29","date_gmt":"2021-03-31T14:07:29","guid":{"rendered":"http:\/\/nordentsmile.hu\/kapcsolat\/"},"modified":"2023-09-25T17:15:59","modified_gmt":"2023-09-25T15:15:59","slug":"contact","status":"publish","type":"page","link":"http:\/\/nordentsmile.hu\/en\/contact\/","title":{"rendered":"Contact"},"content":{"rendered":"<p>[vc_row css=&#8221;.vc_custom_1443297815351{margin-bottom: 20px !important;}&#8221;][vc_column width=&#8221;5\/12&#8243; css=&#8221;.vc_custom_1443298021925{margin-bottom: 30px !important;}&#8221; offset=&#8221;vc_col-lg-4 vc_col-md-4&#8243;][stm_contacts_widget style=&#8221;style_3&#8243; address=&#8221;6782 M\u00f3rahalom, Szent L\u00e1szl\u00f3 park 3&#8243; email=&#8221;nordentsmile@gmail.com&#8221; phone=&#8221;+36 70 252 55 95&#8243; hours=&#8221;Monday: 10:00 &#8211; 18:00 h<br \/>\nTuesday: 08:00 -16:00 h<br \/>\nWednesday: 11:00 &#8211; 18:00 h<br \/>\nThursday: 11:00 &#8211; 18:00 h<br \/>\nFriday: 08:00 &#8211; 15:00 h<br \/>\nSaturday and Sunday: closed&#8221;][\/vc_column][vc_column width=&#8221;7\/12&#8243; css=&#8221;.vc_custom_1443298031143{margin-bottom: 30px !important;}&#8221; offset=&#8221;vc_col-lg-8 vc_col-md-8&#8243;][vc_column_text]<iframe loading=\"lazy\" style=\"border: 0;\" src=\"https:\/\/www.google.com\/maps\/embed?pb=!1m18!1m12!1m3!1d2760.6543376018026!2d19.88593667753165!3d46.21733087109641!2m3!1f0!2f0!3f0!3m2!1i1024!2i768!4f13.1!3m3!1m2!1s0x4744833bbef9e2af%3A0xcdf4a66e32611105!2sNorDent%20Smile%20Kft.%20-%20Fogorvosi%20rendel%C5%91!5e0!3m2!1sen!2srs!4v1695654773730!5m2!1sen!2srs\" width=\"750\" height=\"535\" allowfullscreen=\"allowfullscreen\"><span data-mce-type=\"bookmark\" style=\"display: inline-block; width: 0px; overflow: hidden; line-height: 0;\" class=\"mce_SELRES_start\">\ufeff<\/span><\/iframe>[\/vc_column_text][\/vc_column][\/vc_row][vc_row][vc_column][vc_custom_heading text=&#8221;Contact us&#8221; font_container=&#8221;tag:h3|text_align:left|color:%23083f88&#8243; use_theme_fonts=&#8221;yes&#8221; css=&#8221;.vc_custom_1617199899522{margin-bottom: 30px !important;}&#8221;][vc_empty_space]<div role=\"form\" class=\"wpcf7\" id=\"wpcf7-f2206-o1\" lang=\"en-US\" dir=\"ltr\">\n<div class=\"screen-reader-response\"><p role=\"status\" aria-live=\"polite\" aria-atomic=\"true\"><\/p> <ul><\/ul><\/div>\n<form action=\"\/en\/wp-json\/wp\/v2\/pages\/5950#wpcf7-f2206-o1\" method=\"post\" class=\"wpcf7-form init\" novalidate=\"novalidate\" data-status=\"init\">\n<div style=\"display: none;\">\n<input type=\"hidden\" name=\"_wpcf7\" value=\"2206\" \/>\n<input type=\"hidden\" name=\"_wpcf7_version\" value=\"5.6.3\" \/>\n<input type=\"hidden\" name=\"_wpcf7_locale\" value=\"en_US\" \/>\n<input type=\"hidden\" name=\"_wpcf7_unit_tag\" value=\"wpcf7-f2206-o1\" \/>\n<input type=\"hidden\" name=\"_wpcf7_container_post\" value=\"0\" \/>\n<input type=\"hidden\" name=\"_wpcf7_posted_data_hash\" value=\"\" \/>\n<\/div>\n<div class=\"row\">\n<div class=\"col-lg-5 col-md-5 col-sm-12 col-xs-12\">\n<div class=\"input-group\">\n          <span class=\"wpcf7-form-control-wrap\" data-name=\"your-name\"><input type=\"text\" name=\"your-name\" value=\"\" size=\"40\" class=\"wpcf7-form-control wpcf7-text wpcf7-validates-as-required\" aria-required=\"true\" aria-invalid=\"false\" placeholder=\"Name\" \/><\/span><span class=\"input-addon\"><i class=\"stm-icon-man\"><\/i><\/span>\n     <\/div>\n<div class=\"input-group\">\n                    <span class=\"wpcf7-form-control-wrap\" data-name=\"email\"><input type=\"email\" name=\"email\" value=\"\" size=\"40\" class=\"wpcf7-form-control wpcf7-text wpcf7-email wpcf7-validates-as-required wpcf7-validates-as-email\" aria-required=\"true\" aria-invalid=\"false\" placeholder=\"Email\" \/><\/span><span class=\"input-addon\"><i class=\"fa fa-envelope-o\"><\/i><\/span>\n               <\/div>\n<\/div>\n<div class=\"col-lg-7 col-md-7 col-sm-12 col-xs-12\">\n<div class=\"input-group no-bordered\">\n          <span class=\"wpcf7-form-control-wrap\" data-name=\"message\"><textarea name=\"message\" cols=\"40\" rows=\"10\" class=\"wpcf7-form-control wpcf7-textarea wpcf7-validates-as-required feedback\" aria-required=\"true\" aria-invalid=\"false\" placeholder=\"Message\"><\/textarea><\/span>\n     <\/div>\n<\/div>\n<\/div>\n<div id=\"cf7sr-69ece6b0902df\" class=\"cf7sr-g-recaptcha\" data-theme=\"light\" data-type=\"image\" data-size=\"normal\" data-sitekey=\"6Lf4VBoaAAAAAABTwCbsLq4YHWJEVefZ716J6cFe\"><\/div><span class=\"wpcf7-form-control-wrap cf7sr-recaptcha\" data-name=\"cf7sr-recaptcha\"><input type=\"hidden\" name=\"cf7sr-recaptcha\" value=\"\" class=\"wpcf7-form-control\"><\/span><br \/>\n<span class=\"wpcf7-form-control-wrap stmgdpr\"><span class=\"wpcf7-form-control wpcf7-validates-as-required wpcf7-stmgdpr\"><span class=\"wpcf7-list-item\"><input type=\"checkbox\" name=\"stmgdpr\" value=\"1\" aria-required=\"true\" aria-invalid=\"false\" \/><span class=\"wpcf7-list-item-label\">I agree with storage and handling of my data by this website.<\/span><\/span><\/span><\/span><\/p>\n<p><input type=\"submit\" value=\"Submit\" class=\"wpcf7-form-control has-spinner wpcf7-submit button square\" \/><\/p>\n<p style=\"display: none !important;\" class=\"akismet-fields-container\" data-prefix=\"_wpcf7_ak_\"><label>&#916;<textarea name=\"_wpcf7_ak_hp_textarea\" cols=\"45\" rows=\"8\" maxlength=\"100\"><\/textarea><\/label><input type=\"hidden\" id=\"ak_js_1\" name=\"_wpcf7_ak_js\" value=\"187\"\/><script>document.getElementById( \"ak_js_1\" ).setAttribute( \"value\", ( new Date() ).getTime() );<\/script><\/p><div class=\"wpcf7-response-output\" aria-hidden=\"true\"><\/div><\/form><\/div>[vc_empty_space][\/vc_column][\/vc_row]<\/p>\n","protected":false},"excerpt":{"rendered":"<p>[vc_row css=&#8221;.vc_custom_1443297815351{margin-bottom: 20px !important;}&#8221;][vc_column width=&#8221;5\/12&#8243; css=&#8221;.vc_custom_1443298021925{margin-bottom: 30px !important;}&#8221; offset=&#8221;vc_col-lg-4 vc_col-md-4&#8243;][stm_contacts_widget style=&#8221;style_3&#8243; address=&#8221;6782 M\u00f3rahalom, Szent L\u00e1szl\u00f3 park 3&#8243; email=&#8221;nordentsmile@gmail.com&#8221; phone=&#8221;+36 70 252 55 95&#8243; hours=&#8221;Monday: 10:00 &#8211; 18:00 h Tuesday: 08:00 -16:00 h Wednesday: 11:00 &#8211; 18:00 h Thursday: 11:00 &#8211; 18:00 h Friday: 08:00 &#8211; 15:00 h Saturday and Sunday: closed&#8221;][\/vc_column][vc_column width=&#8221;7\/12&#8243; css=&#8221;.vc_custom_1443298031143{margin-bottom: 30px !important;}&#8221;&#8230;<\/p>\n","protected":false},"author":5,"featured_media":0,"parent":0,"menu_order":0,"comment_status":"closed","ping_status":"closed","template":"","meta":{"footnotes":""},"_links":{"self":[{"href":"http:\/\/nordentsmile.hu\/en\/wp-json\/wp\/v2\/pages\/5950"}],"collection":[{"href":"http:\/\/nordentsmile.hu\/en\/wp-json\/wp\/v2\/pages"}],"about":[{"href":"http:\/\/nordentsmile.hu\/en\/wp-json\/wp\/v2\/types\/page"}],"author":[{"embeddable":true,"href":"http:\/\/nordentsmile.hu\/en\/wp-json\/wp\/v2\/users\/5"}],"replies":[{"embeddable":true,"href":"http:\/\/nordentsmile.hu\/en\/wp-json\/wp\/v2\/comments?post=5950"}],"version-history":[{"count":12,"href":"http:\/\/nordentsmile.hu\/en\/wp-json\/wp\/v2\/pages\/5950\/revisions"}],"predecessor-version":[{"id":6450,"href":"http:\/\/nordentsmile.hu\/en\/wp-json\/wp\/v2\/pages\/5950\/revisions\/6450"}],"wp:attachment":[{"href":"http:\/\/nordentsmile.hu\/en\/wp-json\/wp\/v2\/media?parent=5950"}],"curies":[{"name":"wp","href":"https:\/\/api.w.org\/{rel}","templated":true}]}}