{"id":5908,"date":"2020-03-08T16:33:28","date_gmt":"2020-03-08T15:33:28","guid":{"rendered":"http:\/\/nordentsmile.hu\/fogaszati-turizmus\/"},"modified":"2021-04-06T11:00:23","modified_gmt":"2021-04-06T09:00:23","slug":"dental-tourism","status":"publish","type":"page","link":"https:\/\/nordentsmile.hu\/en\/dental-tourism\/","title":{"rendered":"Dental tourism"},"content":{"rendered":"<p>[vc_row css=&#8221;.vc_custom_1441619155187{margin-bottom: 50px !important;}&#8221;][vc_column offset=&#8221;vc_hidden-xs&#8221;][rev_slider_vc alias=&#8221;dentalni-turizam-madjarski-1&#8243;][\/vc_column][\/vc_row][vc_row css=&#8221;.vc_custom_1582800261193{margin-bottom: 0px !important;}&#8221;][vc_column offset=&#8221;vc_col-lg-9 vc_col-md-9&#8243;][vc_custom_heading text=&#8221;Elix\u00edr Hotel M\u00f3rahalom***&#8221; font_container=&#8221;tag:h3|text_align:left|color:%23e05bc4&#8243; google_fonts=&#8221;font_family:Quicksand%3A300%2Cregular%2C700|font_style:400%20regular%3A400%3Anormal&#8221; css=&#8221;.vc_custom_1617190129891{margin-bottom: 25px !important;}&#8221;][vc_column_text]Following the global trends of dental tourism, NorDent Smile has been involved in the treatment of a large number of patients from abroad. Through the years hundreds of patients left our dental office with a positive experience both regarding the treatment they received and also regarding M\u00f3rahalom and Hungary.[\/vc_column_text]\n\t\t\t\t<style type='text\/css'>\n\t\t\t\t\t#gallery-1 {\n\t\t\t\t\tmargin: auto;\n\t\t\t\t\t}\n\t\t\t\t\t#gallery-1 .fg-gallery-item {\n\t\t\t\t\tfloat: left;\n\t\t\t\t\tmargin-top: 10px;\n\t\t\t\t\ttext-align: center;\n\t\t\t\t\twidth: 33%;\n\t\t\t\t\t}\n\t\t\t\t\t#gallery-1 .fg-gallery-caption {\n\t\t\t\t\tmargin-left: 0;\n\t\t\t\t\t}\n\t\t\t\t\t#gallery-1.fastgallery .fg-gallery-caption, \n\t\t\t\t\t#gallery-1.fastgallery .fg-gallery-caption:hover {\n\t\t\t\t\t\tbackground-color:rgba( 252 , 97 , 93 , 1);\n\t\t\t\t\t}\n\t\t\t\t\t#gallery-1.fastgallery.gallery .fastgallery-gallery-icon .fg_zoom a, \n\t\t\t\t\t#gallery-1.fastgallery.gallery .fastgallery-gallery-icon .fg_zoom a:hover {\n\t\t\t\t\t\tcolor:#FC615D;\n\t\t\t\t\t}\n\t\t\t\t\t#gallery-1.fastgallery.fg_style1 .fg-gallery-caption {\n\t\t\t\t\t\tcolor:#FFFFFF;\t\n\t\t\t\t\t}\n\t\t\t\t\t#gallery-1.fastgallery.gallery.fg_style2 .fastgallery-gallery-icon .fg_zoom a {\n\t\t\t\t\t\tbackground:rgba( 255 , 255 , 255 , 0.3);\n\t\t\t\t\t}\n\t\t\t\t\t#gallery-1.fastgallery.fg_style2 .fg-gallery-caption {\n\t\t\t\t\t\tcolor:#FFFFFF;\t\n\t\t\t\t\t}\t\t\t\n\t\t\t\t\t#gallery-1.fastgallery.gallery.fg_style3 .fg_zoom, #gallery-1.fastgallery.gallery.fg_style3 .fg_zoom:hover {\n\t\t\t\t\t\tbackground:rgba( 252 , 97 , 93 , 1);\n\t\t\t\t\t}\n\t\t\t\t\t#gallery-1.fastgallery.fg_style3 .fg-gallery-caption {\n\t\t\t\t\t\tcolor:#FFFFFF;\t\n\t\t\t\t\t}\t\t\t\t\n\t\t\t\t\t#gallery-1.fastgallery.fg_style4 .fg-gallery-caption,\t\t\t\n\t\t\t\t\t#gallery-1.fastgallery.gallery.fg_style4 .fastgallery-gallery-icon .fg_zoom a, \n\t\t\t\t\t#gallery-1.fastgallery.gallery.fg_style4 .fastgallery-gallery-icon .fg_zoom a:hover {\n\t\t\t\t\t\tcolor:#FFFFFF;\n\t\t\t\t\t}\n\t\t\t\t\t#gallery-1.fastgallery.gallery.fg_style4 .fastgallery-gallery-icon .fg_zoom a, \n\t\t\t\t\t#gallery-1.fastgallery.gallery.fg_style4 .fastgallery-gallery-icon .fg_zoom a:hover\t{\n\t\t\t\t\t\tbackground:rgba( 252 , 97 , 93 , 1);\n\t\t\t\t\t}\t\t\t\n\t\t\t\t\t#gallery-1.fastgallery.gallery.fg_style5 .fastgallery-gallery-icon .fg_zoom a, \n\t\t\t\t\t#gallery-1.fastgallery.gallery.fg_style5 .fastgallery-gallery-icon .fg_zoom a:hover\t{\n\t\t\t\t\t\tcolor:#FFFFFF;\n\t\t\t\t\t\tbackground-color:rgba( 252 , 97 , 93 , 1);\n\t\t\t\t\t}\t\t\t\t\t\n\t\t\t\t\t#gallery-1.fastgallery.gallery.fg_style6 .fastgallery-gallery-icon .fg_zoom a,\n\t\t\t\t\t#gallery-1.fastgallery.gallery.fg_style6 .fastgallery-gallery-icon .fg_zoom a:hover {\n\t\t\t\t\t\tcolor:#FFFFFF;\n\t\t\t\t\t\tbackground:rgba( 252 , 97 , 93 , 1);\t\t\t\t\n\t\t\t\t\t}\n\t\t\t\t\n\t\t\t\t\t#gallery-1.fastgallery.fg_style6 .fg-gallery-caption {\n\t\t\t\t\t\tcolor:#FFFFFF;\t\n\t\t\t\t\t}\n\t\t\t\t\t#gallery-1.fastgallery.gallery.fg_style7 .fastgallery-gallery-icon .fg_zoom a,\n\t\t\t\t\t#gallery-1.fastgallery.gallery.fg_style7 .fastgallery-gallery-icon .fg_zoom a:hover {\n\t\t\t\t\t\tcolor:#FFFFFF;\n\t\t\t\t\t\tbackground:rgba( 252 , 97 , 93 , 1);\t\t\t\t\n\t\t\t\t\t}\t\t\n\t\t\t\t\t#gallery-1.fastgallery.fg_style7 .fg-gallery-caption {\n\t\t\t\t\t\tcolor:#FFFFFF;\t\n\t\t\t\t\t}\n\t\t\t\t\t\n\t\t\t\t\t#gallery-1.fastgallery.gallery.fg_style8 .fastgallery-gallery-icon .fg_zoom a,\n\t\t\t\t\t#gallery-1.fastgallery.gallery.fg_style8 .fastgallery-gallery-icon .fg_zoom a:hover {\n\t\t\t\t\t\tcolor:#FFFFFF;\n\t\t\t\t\t\tbackground:rgba( 252 , 97 , 93 , 1);\t\t\t\t\n\t\t\t\t\t}\n\t\t\t\t\n\t\t\t\t\t#gallery-1.fastgallery.fg_style8 .fg-gallery-caption {\n\t\t\t\t\t\tcolor:#FFFFFF;\t\n\t\t\t\t\t}\n\t\t\t\t\t\n\t\t\t\t\t#gallery-1.fastgallery.gallery.fg_style9 .fastgallery-gallery-icon .fg_zoom a,\n\t\t\t\t\t#gallery-1.fastgallery.gallery.fg_style9 .fastgallery-gallery-icon .fg_zoom a:hover {\n\t\t\t\t\t\tcolor:#FFFFFF;\n\t\t\t\t\t\tbackground:rgba( 252 , 97 , 93 , 1);\t\t\t\t\n\t\t\t\t\t}\t\t\n\t\t\t\t\t#gallery-1.fastgallery.fg_style9 .fg-gallery-caption {\n\t\t\t\t\t\tcolor:#FFFFFF;\t\n\t\t\t\t\t}\n\t\t\t\t\t\n\t\t\t\t\t#gallery-1.fastgallery.gallery.fg_style10 .fastgallery-gallery-icon .fg_zoom a,\n\t\t\t\t\t#gallery-1.fastgallery.gallery.fg_style10 .fastgallery-gallery-icon .fg_zoom a:hover {\n\t\t\t\t\t\tcolor:#FFFFFF;\n\t\t\t\t\t\tbackground:rgba( 252 , 97 , 93 , 1);\t\t\t\t\n\t\t\t\t\t}\t\t\n\t\t\t\t\t#gallery-1.fastgallery.fg_style10 .fg-gallery-caption {\n\t\t\t\t\t\tcolor:#FFFFFF;\t\n\t\t\t\t\t}\n\t\t\t\t\t#gallery-1.fastgallery.fg_style11 .fg-gallery-caption {\n\t\t\t\t\t\tcolor:#FFFFFF;\t\n\t\t\t\t\t}\n\t\t\t\t\t#gallery-1.fastgallery.fg_style11 .fastgallery-gallery-icon .fg_zoom a, \n\t\t\t\t\t#gallery-1.fastgallery.fg_style11 .fastgallery-gallery-icon .fg_zoom a:hover {\n\t\t\t\t\t\tcolor:#FC615D;\n\t\t\t\t\t\tbackground:rgba( 255 , 255 , 255 , 0.3);\n\t\t\t\t\t}\n\t\t\t\t\t#gallery-1.fastgallery.fg_style12 .fg-gallery-caption {\n\t\t\t\t\t\tcolor:#FFFFFF;\t\n\t\t\t\t\t}\n\t\t\t\t\t#gallery-1.fastgallery.fg_style12 .fastgallery-gallery-icon .fg_zoom a, \n\t\t\t\t\t#gallery-1.fastgallery.fg_style12 .fastgallery-gallery-icon .fg_zoom a:hover {\n\t\t\t\t\t\tcolor:#FC615D;\n\t\t\t\t\t\tbackground:rgba( 255 , 255 , 255 , 0.3);\n\t\t\t\t\t}\t\t\t\t\t\t\t\t\t\t\t\t\t\t\t\t\n\t\t\t\t\t\/* FOTORAMA *\/\n\t\t\t\t\t#gallery-1.fastgallery.fotorama.fg_style1 .fotorama__thumb-border {\n\t\t\t\t\t\tborder-color:rgba( 252 , 97 , 93 , 1);\n\t\t\t\t\t}\n\t\t\t\t\t#gallery-1.fastgallery.fotorama.fg_style1 .fotorama__html > div {\n\t\t\t\t\t\tbackground:rgba( 252 , 97 , 93 , 1);\n\t\t\t\t\t\tcolor:#FFFFFF;\n\t\t\t\t\t}\n\t\t\t\t\t#gallery-1.fastgallery.fotorama.fg_style2 .fotorama__thumb-border {\n\t\t\t\t\t\tborder-color:rgba( 252 , 97 , 93 , 1);\n\t\t\t\t\t}\n\t\t\t\t\t#gallery-1.fastgallery.fotorama.fg_style2 .fotorama__html > div {\n\t\t\t\t\t\tbackground:rgba( 252 , 97 , 93 , 1);\n\t\t\t\t\t\tcolor:#FFFFFF;\n\t\t\t\t\t}\n\t\t\t\t\t#gallery-1.fastgallery.fotorama.fg_style3 .fotorama__thumb-border {\n\t\t\t\t\t\tborder-color:rgba( 252 , 97 , 93 , 1);\n\t\t\t\t\t}\t\t\t\t\t\t\n\t\t\t\t\t#gallery-1.fastgallery.fotorama.fg_style3 .fotorama__html > div {\n\t\t\t\t\t\tcolor:#FFFFFF;\n\t\t\t\t\t}\n\t\t\t\t\t#gallery-1.fastgallery.fotorama.fg_style4 .fotorama__thumb-border {\n\t\t\t\t\t\tborder-color:rgba( 252 , 97 , 93 , 1);\n\t\t\t\t\t}\t\t\t\t\t\t\n\t\t\t\t\t#gallery-1.fastgallery.fotorama.fg_style4 .fotorama__html > div {\n\t\t\t\t\t\tcolor:#FFFFFF;\n\t\t\t\t\t}\n\t\t\t\t\t#gallery-1.fastgallery.fotorama.fg_style5 .fotorama__thumb-border {\n\t\t\t\t\t\tborder-color:rgba( 252 , 97 , 93 , 1);\n\t\t\t\t\t\tbackground:rgba( 252 , 97 , 93 , 1);\n\t\t\t\t\t}\t\t\t\t\t\t\n\t\t\t\t\t#gallery-1.fastgallery.fotorama.fg_style5 .fotorama__html > div {\n\t\t\t\t\t\tcolor:#FFFFFF;\n\t\t\t\t\t}\n\t\t\t\t\t#gallery-1.fastgallery.fotorama.fg_style6 .fotorama__thumb-border {\n\t\t\t\t\t\tborder-color:rgba( 252 , 97 , 93 , 1);\n\t\t\t\t\t\tbackground:rgba( 252 , 97 , 93 , 1);\n\t\t\t\t\t}\t\t\t\t\t\t\n\t\t\t\t\t#gallery-1.fastgallery.fotorama.fg_style6 .fotorama__html > div {\n\t\t\t\t\t\tcolor:#FFFFFF;\n\t\t\t\t\t}\n\t\t\t\t\t#gallery-1.fastgallery.fotorama.fg_style7 .fotorama__thumb-border {\n\t\t\t\t\t\tborder-color:rgba( 252 , 97 , 93 , 1);\n\t\t\t\t\t\tbackground:rgba( 252 , 97 , 93 , 1);\n\t\t\t\t\t}\t\t\t\t\t\t\n\t\t\t\t\t#gallery-1.fastgallery.fotorama.fg_style7 .fotorama__html > div {\n\t\t\t\t\t\tcolor:#FFFFFF;\n\t\t\t\t\t\tbackground:rgba( 252 , 97 , 93 , 1);\n\t\t\t\t\t}\n\t\t\t\t\t#gallery-1.fastgallery.fotorama.fg_style8 .fotorama__thumb-border {\n\t\t\t\t\t\tborder-color:rgba( 252 , 97 , 93 , 1);\n\t\t\t\t\t\tbackground:rgba( 252 , 97 , 93 , 1);\n\t\t\t\t\t}\t\t\t\t\t\t\n\t\t\t\t\t#gallery-1.fastgallery.fotorama.fg_style8 .fotorama__html > div {\n\t\t\t\t\t\tcolor:#FFFFFF;\n\t\t\t\t\t\tbackground:rgba( 252 , 97 , 93 , 1);\n\t\t\t\t\t}\n\t\t\t\t\t#gallery-1.fastgallery.fotorama.fg_style9 .fotorama__thumb-border {\n\t\t\t\t\t\tborder-color:rgba( 252 , 97 , 93 , 1);\n\t\t\t\t\t\tbackground:rgba( 252 , 97 , 93 , 1);\n\t\t\t\t\t}\t\t\t\t\t\t\n\t\t\t\t\t#gallery-1.fastgallery.fotorama.fg_style9 .fotorama__html > div {\n\t\t\t\t\t\tcolor:#FFFFFF;\n\t\t\t\t\t\tbackground:rgba( 252 , 97 , 93 , 1);\n\t\t\t\t\t}\n\t\t\t\t\t#gallery-1.fastgallery.fotorama.fg_style10 .fotorama__thumb-border {\n\t\t\t\t\t\tborder-color:rgba( 252 , 97 , 93 , 1);\n\t\t\t\t\t\tbackground:rgba( 252 , 97 , 93 , 1);\n\t\t\t\t\t}\t\t\t\t\t\t\n\t\t\t\t\t#gallery-1.fastgallery.fotorama.fg_style10 .fotorama__html > div {\n\t\t\t\t\t\tcolor:#FFFFFF;\n\t\t\t\t\t\tbackground:rgba( 252 , 97 , 93 , 1);\n\t\t\t\t\t}\n\t\t\t\t\t#gallery-1.fastgallery.fotorama.fg_style11 .fotorama__thumb-border {\n\t\t\t\t\t\tborder-color:rgba( 252 , 97 , 93 , 1);\n\t\t\t\t\t}\n\t\t\t\t\t#gallery-1.fastgallery.fotorama.fg_style11 .fotorama__html > div {\n\t\t\t\t\t\tbackground:rgba( 252 , 97 , 93 , 1);\n\t\t\t\t\t\tcolor:#FFFFFF;\n\t\t\t\t\t}\n\t\t\t\t\t#gallery-1.fastgallery.fotorama.fg_style12 .fotorama__thumb-border {\n\t\t\t\t\t\tborder-color:rgba( 252 , 97 , 93 , 1);\n\t\t\t\t\t}\n\t\t\t\t\t#gallery-1.fastgallery.fotorama.fg_style12 .fotorama__html > div {\n\t\t\t\t\t\tbackground:rgba( 252 , 97 , 93 , 1);\n\t\t\t\t\t\tcolor:#FFFFFF;\n\t\t\t\t\t}\t\t\t\t\t\t\t\t\t\t\n\t\t\t\t\t\/* THUMBS ONE ON *\/\n\t\t\t\t\t#gallery-1.fastgallery.fg_thumbs_one .fg-gallery-item {\n\t\t\t\t\t\tdisplay:none;\n\t\t\t\t\t}\n\t\t\t\t\t#gallery-1.fastgallery.fg_thumbs_one .fg-gallery-item:first-child {\n\t\t\t\t\t\tdisplay:block;\n\t\t\t\t\t}\n\t\t\t\t\t#gallery-1.fastgallery.fg_thumbs_one {\n\t\t\t\t\t\twidth:auto!important;\n\t\t\t\t\t}\n\t\t\t\t<\/style><script type=\"text\/javascript\">\n\t\t\t\t\t\tjQuery(function($){\n\t\t\t\t\t\t\t$('#gallery-1.gallery.fastgallery').lightGallery({\n\t\t\t\t\t\t\t\tmode:'slide',\n\t\t\t\t\t\t\t\tspeed: 2000,\n\t\t\t\t\t\t\t\tthumbnail: true,\n\t\t\t\t\t\t\t\tcontrols: true\t\t\t\t\t\t\t\t\n\t\t\t\t\t\t\t});\n\t\t\t\t\t\t});\t\t\n\t\t\t\t\t<\/script><script type=\"text\/javascript\">\n\t\t\t\t\t\tjQuery(window).load(function() {\n\t\t\t\t\t\t\tjQuery(document).ready(function($){\n\t\t\t\t\t\t\t\t$('.fastgallery.brick-masonry').masonry({\n\t\t\t\t\t\t\t\t\tsingleMode: true,\n\t\t\t\t\t\t\t\t\titemSelector: '.fg-gallery-item'\n\t\t\t\t\t\t\t\t});\n\t\t\t\t\t\t\t});\n\t\t\t\t\t\t});\n\t\t\t\t\t\t<\/script><div id='gallery-1' class='gallery galleryid-1 gallery-columns-3 gallery-size-fg-masonry fastgallery brick-masonry fg_responsive fg_style1 off  fg_over_image_on'><div data-src='https:\/\/nordentsmile.hu\/wp-content\/uploads\/2020\/09\/hotel-1-1024x683.jpg' class='fg-gallery-item  '>\n\t\t\t\t\t<div class='fastgallery-gallery-icon no-caption'><div class='fg_zoom'><img loading=\"lazy\" decoding=\"async\" width=\"500\" height=\"333\" src=\"https:\/\/nordentsmile.hu\/wp-content\/uploads\/2020\/09\/hotel-1-500x333.jpg\" class=\"attachment-fg-masonry size-fg-masonry\" alt=\"\" srcset=\"https:\/\/nordentsmile.hu\/wp-content\/uploads\/2020\/09\/hotel-1-500x333.jpg 500w, https:\/\/nordentsmile.hu\/wp-content\/uploads\/2020\/09\/hotel-1-300x200.jpg 300w, https:\/\/nordentsmile.hu\/wp-content\/uploads\/2020\/09\/hotel-1-1024x683.jpg 1024w, https:\/\/nordentsmile.hu\/wp-content\/uploads\/2020\/09\/hotel-1-768x512.jpg 768w, https:\/\/nordentsmile.hu\/wp-content\/uploads\/2020\/09\/hotel-1-825x550.jpg 825w, https:\/\/nordentsmile.hu\/wp-content\/uploads\/2020\/09\/hotel-1.jpg 1200w\" sizes=\"(max-width: 500px) 100vw, 500px\" \/><a href='https:\/\/nordentsmile.hu\/wp-content\/uploads\/2020\/09\/hotel-1-1024x683.jpg'><span class='fg-zoom-icon icon-plus'><\/span><\/a><\/div><\/div><\/div><div data-src='https:\/\/nordentsmile.hu\/wp-content\/uploads\/2020\/09\/hotel-2-1024x683.jpg' class='fg-gallery-item  '>\n\t\t\t\t\t<div class='fastgallery-gallery-icon no-caption'><div class='fg_zoom'><img loading=\"lazy\" decoding=\"async\" width=\"500\" height=\"333\" src=\"https:\/\/nordentsmile.hu\/wp-content\/uploads\/2020\/09\/hotel-2-500x333.jpg\" class=\"attachment-fg-masonry size-fg-masonry\" alt=\"\" srcset=\"https:\/\/nordentsmile.hu\/wp-content\/uploads\/2020\/09\/hotel-2-500x333.jpg 500w, https:\/\/nordentsmile.hu\/wp-content\/uploads\/2020\/09\/hotel-2-300x200.jpg 300w, https:\/\/nordentsmile.hu\/wp-content\/uploads\/2020\/09\/hotel-2-1024x683.jpg 1024w, https:\/\/nordentsmile.hu\/wp-content\/uploads\/2020\/09\/hotel-2-768x512.jpg 768w, https:\/\/nordentsmile.hu\/wp-content\/uploads\/2020\/09\/hotel-2-825x550.jpg 825w, https:\/\/nordentsmile.hu\/wp-content\/uploads\/2020\/09\/hotel-2.jpg 1200w\" sizes=\"(max-width: 500px) 100vw, 500px\" \/><a href='https:\/\/nordentsmile.hu\/wp-content\/uploads\/2020\/09\/hotel-2-1024x683.jpg'><span class='fg-zoom-icon icon-plus'><\/span><\/a><\/div><\/div><\/div><div data-src='https:\/\/nordentsmile.hu\/wp-content\/uploads\/2020\/09\/Hotel-3-1024x683.jpg' class='fg-gallery-item  '>\n\t\t\t\t\t<div class='fastgallery-gallery-icon no-caption'><div class='fg_zoom'><img loading=\"lazy\" decoding=\"async\" width=\"500\" height=\"333\" src=\"https:\/\/nordentsmile.hu\/wp-content\/uploads\/2020\/09\/Hotel-3-500x333.jpg\" class=\"attachment-fg-masonry size-fg-masonry\" alt=\"\" srcset=\"https:\/\/nordentsmile.hu\/wp-content\/uploads\/2020\/09\/Hotel-3-500x333.jpg 500w, https:\/\/nordentsmile.hu\/wp-content\/uploads\/2020\/09\/Hotel-3-300x200.jpg 300w, https:\/\/nordentsmile.hu\/wp-content\/uploads\/2020\/09\/Hotel-3-1024x683.jpg 1024w, https:\/\/nordentsmile.hu\/wp-content\/uploads\/2020\/09\/Hotel-3-768x512.jpg 768w, https:\/\/nordentsmile.hu\/wp-content\/uploads\/2020\/09\/Hotel-3-825x550.jpg 825w, https:\/\/nordentsmile.hu\/wp-content\/uploads\/2020\/09\/Hotel-3.jpg 1200w\" sizes=\"(max-width: 500px) 100vw, 500px\" \/><a href='https:\/\/nordentsmile.hu\/wp-content\/uploads\/2020\/09\/Hotel-3-1024x683.jpg'><span class='fg-zoom-icon icon-plus'><\/span><\/a><\/div><\/div><\/div><div data-src='https:\/\/nordentsmile.hu\/wp-content\/uploads\/2020\/09\/Hotel-4-1024x683.jpg' class='fg-gallery-item  '>\n\t\t\t\t\t<div class='fastgallery-gallery-icon no-caption'><div class='fg_zoom'><img loading=\"lazy\" decoding=\"async\" width=\"500\" height=\"333\" src=\"https:\/\/nordentsmile.hu\/wp-content\/uploads\/2020\/09\/Hotel-4-500x333.jpg\" class=\"attachment-fg-masonry size-fg-masonry\" alt=\"\" srcset=\"https:\/\/nordentsmile.hu\/wp-content\/uploads\/2020\/09\/Hotel-4-500x333.jpg 500w, https:\/\/nordentsmile.hu\/wp-content\/uploads\/2020\/09\/Hotel-4-300x200.jpg 300w, https:\/\/nordentsmile.hu\/wp-content\/uploads\/2020\/09\/Hotel-4-1024x683.jpg 1024w, https:\/\/nordentsmile.hu\/wp-content\/uploads\/2020\/09\/Hotel-4-768x512.jpg 768w, https:\/\/nordentsmile.hu\/wp-content\/uploads\/2020\/09\/Hotel-4-825x550.jpg 825w, https:\/\/nordentsmile.hu\/wp-content\/uploads\/2020\/09\/Hotel-4.jpg 1200w\" sizes=\"(max-width: 500px) 100vw, 500px\" \/><a href='https:\/\/nordentsmile.hu\/wp-content\/uploads\/2020\/09\/Hotel-4-1024x683.jpg'><span class='fg-zoom-icon icon-plus'><\/span><\/a><\/div><\/div><\/div><div data-src='https:\/\/nordentsmile.hu\/wp-content\/uploads\/2020\/09\/hotel-5-1024x683.jpg' class='fg-gallery-item  '>\n\t\t\t\t\t<div class='fastgallery-gallery-icon no-caption'><div class='fg_zoom'><img loading=\"lazy\" decoding=\"async\" width=\"500\" height=\"333\" src=\"https:\/\/nordentsmile.hu\/wp-content\/uploads\/2020\/09\/hotel-5-500x333.jpg\" class=\"attachment-fg-masonry size-fg-masonry\" alt=\"\" srcset=\"https:\/\/nordentsmile.hu\/wp-content\/uploads\/2020\/09\/hotel-5-500x333.jpg 500w, https:\/\/nordentsmile.hu\/wp-content\/uploads\/2020\/09\/hotel-5-300x200.jpg 300w, https:\/\/nordentsmile.hu\/wp-content\/uploads\/2020\/09\/hotel-5-1024x683.jpg 1024w, https:\/\/nordentsmile.hu\/wp-content\/uploads\/2020\/09\/hotel-5-768x512.jpg 768w, https:\/\/nordentsmile.hu\/wp-content\/uploads\/2020\/09\/hotel-5-825x550.jpg 825w, https:\/\/nordentsmile.hu\/wp-content\/uploads\/2020\/09\/hotel-5.jpg 1200w\" sizes=\"(max-width: 500px) 100vw, 500px\" \/><a href='https:\/\/nordentsmile.hu\/wp-content\/uploads\/2020\/09\/hotel-5-1024x683.jpg'><span class='fg-zoom-icon icon-plus'><\/span><\/a><\/div><\/div><\/div><div data-src='https:\/\/nordentsmile.hu\/wp-content\/uploads\/2020\/09\/hotel-6-1024x683.jpg' class='fg-gallery-item  '>\n\t\t\t\t\t<div class='fastgallery-gallery-icon no-caption'><div class='fg_zoom'><img loading=\"lazy\" decoding=\"async\" width=\"500\" height=\"333\" src=\"https:\/\/nordentsmile.hu\/wp-content\/uploads\/2020\/09\/hotel-6-500x333.jpg\" class=\"attachment-fg-masonry size-fg-masonry\" alt=\"\" srcset=\"https:\/\/nordentsmile.hu\/wp-content\/uploads\/2020\/09\/hotel-6-500x333.jpg 500w, https:\/\/nordentsmile.hu\/wp-content\/uploads\/2020\/09\/hotel-6-300x200.jpg 300w, https:\/\/nordentsmile.hu\/wp-content\/uploads\/2020\/09\/hotel-6-1024x683.jpg 1024w, https:\/\/nordentsmile.hu\/wp-content\/uploads\/2020\/09\/hotel-6-768x512.jpg 768w, https:\/\/nordentsmile.hu\/wp-content\/uploads\/2020\/09\/hotel-6-825x550.jpg 825w, https:\/\/nordentsmile.hu\/wp-content\/uploads\/2020\/09\/hotel-6.jpg 1200w\" sizes=\"(max-width: 500px) 100vw, 500px\" \/><a href='https:\/\/nordentsmile.hu\/wp-content\/uploads\/2020\/09\/hotel-6-1024x683.jpg'><span class='fg-zoom-icon icon-plus'><\/span><\/a><\/div><\/div><\/div><div data-src='https:\/\/nordentsmile.hu\/wp-content\/uploads\/2020\/09\/hotel-7-1024x683.jpg' class='fg-gallery-item  '>\n\t\t\t\t\t<div class='fastgallery-gallery-icon no-caption'><div class='fg_zoom'><img loading=\"lazy\" decoding=\"async\" width=\"500\" height=\"333\" src=\"https:\/\/nordentsmile.hu\/wp-content\/uploads\/2020\/09\/hotel-7-500x333.jpg\" class=\"attachment-fg-masonry size-fg-masonry\" alt=\"\" srcset=\"https:\/\/nordentsmile.hu\/wp-content\/uploads\/2020\/09\/hotel-7-500x333.jpg 500w, https:\/\/nordentsmile.hu\/wp-content\/uploads\/2020\/09\/hotel-7-300x200.jpg 300w, https:\/\/nordentsmile.hu\/wp-content\/uploads\/2020\/09\/hotel-7-1024x683.jpg 1024w, https:\/\/nordentsmile.hu\/wp-content\/uploads\/2020\/09\/hotel-7-768x512.jpg 768w, https:\/\/nordentsmile.hu\/wp-content\/uploads\/2020\/09\/hotel-7-825x550.jpg 825w, https:\/\/nordentsmile.hu\/wp-content\/uploads\/2020\/09\/hotel-7.jpg 1200w\" sizes=\"(max-width: 500px) 100vw, 500px\" \/><a href='https:\/\/nordentsmile.hu\/wp-content\/uploads\/2020\/09\/hotel-7-1024x683.jpg'><span class='fg-zoom-icon icon-plus'><\/span><\/a><\/div><\/div><\/div><div data-src='https:\/\/nordentsmile.hu\/wp-content\/uploads\/2020\/09\/hotel-8-1024x683.jpg' class='fg-gallery-item  '>\n\t\t\t\t\t<div class='fastgallery-gallery-icon no-caption'><div class='fg_zoom'><img loading=\"lazy\" decoding=\"async\" width=\"500\" height=\"333\" src=\"https:\/\/nordentsmile.hu\/wp-content\/uploads\/2020\/09\/hotel-8-500x333.jpg\" class=\"attachment-fg-masonry size-fg-masonry\" alt=\"\" srcset=\"https:\/\/nordentsmile.hu\/wp-content\/uploads\/2020\/09\/hotel-8-500x333.jpg 500w, https:\/\/nordentsmile.hu\/wp-content\/uploads\/2020\/09\/hotel-8-300x200.jpg 300w, https:\/\/nordentsmile.hu\/wp-content\/uploads\/2020\/09\/hotel-8-1024x683.jpg 1024w, https:\/\/nordentsmile.hu\/wp-content\/uploads\/2020\/09\/hotel-8-768x512.jpg 768w, https:\/\/nordentsmile.hu\/wp-content\/uploads\/2020\/09\/hotel-8-825x550.jpg 825w, https:\/\/nordentsmile.hu\/wp-content\/uploads\/2020\/09\/hotel-8.jpg 1200w\" sizes=\"(max-width: 500px) 100vw, 500px\" \/><a href='https:\/\/nordentsmile.hu\/wp-content\/uploads\/2020\/09\/hotel-8-1024x683.jpg'><span class='fg-zoom-icon icon-plus'><\/span><\/a><\/div><\/div><\/div><div data-src='https:\/\/nordentsmile.hu\/wp-content\/uploads\/2020\/09\/hotel-9-1024x683.jpg' class='fg-gallery-item  '>\n\t\t\t\t\t<div class='fastgallery-gallery-icon no-caption'><div class='fg_zoom'><img loading=\"lazy\" decoding=\"async\" width=\"500\" height=\"333\" src=\"https:\/\/nordentsmile.hu\/wp-content\/uploads\/2020\/09\/hotel-9-500x333.jpg\" class=\"attachment-fg-masonry size-fg-masonry\" alt=\"\" srcset=\"https:\/\/nordentsmile.hu\/wp-content\/uploads\/2020\/09\/hotel-9-500x333.jpg 500w, https:\/\/nordentsmile.hu\/wp-content\/uploads\/2020\/09\/hotel-9-300x200.jpg 300w, https:\/\/nordentsmile.hu\/wp-content\/uploads\/2020\/09\/hotel-9-1024x683.jpg 1024w, https:\/\/nordentsmile.hu\/wp-content\/uploads\/2020\/09\/hotel-9-768x512.jpg 768w, https:\/\/nordentsmile.hu\/wp-content\/uploads\/2020\/09\/hotel-9-825x550.jpg 825w, https:\/\/nordentsmile.hu\/wp-content\/uploads\/2020\/09\/hotel-9.jpg 1200w\" sizes=\"(max-width: 500px) 100vw, 500px\" \/><a href='https:\/\/nordentsmile.hu\/wp-content\/uploads\/2020\/09\/hotel-9-1024x683.jpg'><span class='fg-zoom-icon icon-plus'><\/span><\/a><\/div><\/div><\/div>\n\t\t\t\t\t<\/div>\n<div class=\"fg_clear\"><\/div>[vc_empty_space height=&#8221;20px&#8221;][\/vc_column][vc_column width=&#8221;1\/4&#8243; offset=&#8221;vc_hidden-sm vc_hidden-xs&#8221;][vc_widget_sidebar sidebar_id=&#8221;right_sidebar&#8221;][\/vc_column][\/vc_row][vc_row css=&#8221;.vc_custom_1579701416591{margin-bottom: 0px !important;}&#8221;][vc_column offset=&#8221;vc_col-lg-9 vc_col-md-9&#8243;][vc_column_text]The newest medical wellness hotel of the D\u00e9l-Alf\u00f6ld region is located 20 km from the city of Szeged, 12 km from the M5 highway and in the town center of M\u00f3rahalom.<\/p>\n<p>The three star hotel, that is basically integrated into the Szent Erzs\u00e9bet spa center is mainly focused on medical tourism services.[\/vc_column_text][vc_column_text]<\/p>\n<div style=\"width: 826px;\" class=\"wp-video\"><!--[if lt IE 9]><script>document.createElement('video');<\/script><![endif]-->\n<video class=\"wp-video-shortcode\" id=\"video-5908-1\" width=\"826\" height=\"351\" preload=\"metadata\" controls=\"controls\"><source type=\"video\/mp4\" src=\"http:\/\/nordentsmile.hu\/wp-content\/uploads\/2020\/09\/elixir_2020_promo_v1-1.mp4?_=1\" \/><a href=\"http:\/\/nordentsmile.hu\/wp-content\/uploads\/2020\/09\/elixir_2020_promo_v1-1.mp4\">http:\/\/nordentsmile.hu\/wp-content\/uploads\/2020\/09\/elixir_2020_promo_v1-1.mp4<\/a><\/video><\/div>\n<p>[\/vc_column_text][vc_column_text]The family friendly hotel incorporates 29 elegant rooms, including handicapped rooms and family suites.\u00a0 For the convenience of the guests, all rooms are equipped with a shower, LCD TV, phone, free WiFi, a minibar, safe, hairdryer, bathrobe and air conditioning. Families with children can also use services such as a cot, baby bathtub, children\u2019s bathrobe.<\/p>\n<p>NorDent Smile dentistry is situated next to hotel Elix\u00edr, so we gladly suggest this hotel to our patients, since it has a great price \/ value ratio and with its list of comfort services, a pleasant stay in M\u00f3rahalom is guaranteed.[\/vc_column_text][vc_empty_space][\/vc_column][vc_column width=&#8221;1\/4&#8243; offset=&#8221;vc_hidden-sm vc_hidden-xs&#8221;][\/vc_column][\/vc_row][vc_row full_width=&#8221;stretch_row&#8221; css=&#8221;.vc_custom_1602155465276{margin-bottom: 0px !important;background-color: #e05bc4 !important;}&#8221;][vc_column][vc_cta h2=&#8221;&#8221; h4=&#8221;Do you have further questions? Please contact us!&#8221; h4_google_fonts=&#8221;font_family:Quicksand%3A300%2Cregular%2C700|font_style:400%20regular%3A400%3Anormal&#8221; shape=&#8221;square&#8221; style=&#8221;flat&#8221; color=&#8221;blue&#8221; add_button=&#8221;right&#8221; btn_title=&#8221;Contact&#8221; btn_style=&#8221;flat&#8221; btn_shape=&#8221;round&#8221; btn_color=&#8221;white&#8221; btn_size=&#8221;lg&#8221; btn_align=&#8221;right&#8221; use_custom_fonts_h4=&#8221;true&#8221; btn_link=&#8221;url:http%3A%2F%2Fnordentsmile.hu%2Fen%2Fcontact%2F||target:%20_blank|&#8221;][\/vc_cta][\/vc_column][\/vc_row]<\/p>\n","protected":false},"excerpt":{"rendered":"<p>[vc_row css=&#8221;.vc_custom_1441619155187{margin-bottom: 50px !important;}&#8221;][vc_column offset=&#8221;vc_hidden-xs&#8221;][rev_slider_vc alias=&#8221;dentalni-turizam-madjarski-1&#8243;][\/vc_column][\/vc_row][vc_row css=&#8221;.vc_custom_1582800261193{margin-bottom: 0px !important;}&#8221;][vc_column offset=&#8221;vc_col-lg-9 vc_col-md-9&#8243;][vc_custom_heading text=&#8221;Elix\u00edr Hotel M\u00f3rahalom***&#8221; font_container=&#8221;tag:h3|text_align:left|color:%23e05bc4&#8243; google_fonts=&#8221;font_family:Quicksand%3A300%2Cregular%2C700|font_style:400%20regular%3A400%3Anormal&#8221; css=&#8221;.vc_custom_1617190129891{margin-bottom: 25px !important;}&#8221;][vc_column_text]Following the global trends of dental tourism, NorDent Smile has been involved in the treatment of a large number of patients from abroad. Through the years hundreds of patients left our dental office with a positive experience&#8230;<\/p>\n","protected":false},"author":5,"featured_media":0,"parent":0,"menu_order":0,"comment_status":"closed","ping_status":"closed","template":"","meta":{"footnotes":""},"_links":{"self":[{"href":"https:\/\/nordentsmile.hu\/en\/wp-json\/wp\/v2\/pages\/5908"}],"collection":[{"href":"https:\/\/nordentsmile.hu\/en\/wp-json\/wp\/v2\/pages"}],"about":[{"href":"https:\/\/nordentsmile.hu\/en\/wp-json\/wp\/v2\/types\/page"}],"author":[{"embeddable":true,"href":"https:\/\/nordentsmile.hu\/en\/wp-json\/wp\/v2\/users\/5"}],"replies":[{"embeddable":true,"href":"https:\/\/nordentsmile.hu\/en\/wp-json\/wp\/v2\/comments?post=5908"}],"version-history":[{"count":10,"href":"https:\/\/nordentsmile.hu\/en\/wp-json\/wp\/v2\/pages\/5908\/revisions"}],"predecessor-version":[{"id":6017,"href":"https:\/\/nordentsmile.hu\/en\/wp-json\/wp\/v2\/pages\/5908\/revisions\/6017"}],"wp:attachment":[{"href":"https:\/\/nordentsmile.hu\/en\/wp-json\/wp\/v2\/media?parent=5908"}],"curies":[{"name":"wp","href":"https:\/\/api.w.org\/{rel}","templated":true}]}}